{"id":1294,"date":"2016-01-01T22:33:00","date_gmt":"2016-01-01T20:33:00","guid":{"rendered":"https:\/\/seeton.de\/?page_id=1294"},"modified":"2025-03-28T17:06:43","modified_gmt":"2025-03-28T15:06:43","slug":"morning-lights","status":"publish","type":"page","link":"https:\/\/seeton.de\/?page_id=1294","title":{"rendered":"Morning Lights"},"content":{"rendered":"\n<figure class=\"wp-block-gallery columns-3 is-cropped\"><ul class=\"blocks-gallery-grid\"><li class=\"blocks-gallery-item\"><figure><img loading=\"lazy\" width=\"481\" height=\"300\" src=\"https:\/\/seeton.de\/wp-content\/uploads\/2020\/11\/CD_morningLights-Homepage-seeTon-400x150px.png\" alt=\"\" data-id=\"1250\" data-full-url=\"https:\/\/seeton.de\/wp-content\/uploads\/2020\/11\/CD_morningLights-Homepage-seeTon-400x150px.png\" data-link=\"https:\/\/seeton.de\/?attachment_id=1250\" class=\"wp-image-1250\" srcset=\"https:\/\/seeton.de\/wp-content\/uploads\/2020\/11\/CD_morningLights-Homepage-seeTon-400x150px.png 481w, https:\/\/seeton.de\/wp-content\/uploads\/2020\/11\/CD_morningLights-Homepage-seeTon-400x150px-300x187.png 300w\" sizes=\"(max-width: 481px) 100vw, 481px\" \/><\/figure><\/li><li class=\"blocks-gallery-item\"><figure><img loading=\"lazy\" width=\"960\" height=\"720\" src=\"https:\/\/seeton.de\/wp-content\/uploads\/2020\/08\/sT_HP_CDaufgeschlagen.jpg\" alt=\"\" data-id=\"1236\" data-full-url=\"https:\/\/seeton.de\/wp-content\/uploads\/2020\/08\/sT_HP_CDaufgeschlagen.jpg\" data-link=\"https:\/\/seeton.de\/?attachment_id=1236\" class=\"wp-image-1236\" srcset=\"https:\/\/seeton.de\/wp-content\/uploads\/2020\/08\/sT_HP_CDaufgeschlagen.jpg 960w, https:\/\/seeton.de\/wp-content\/uploads\/2020\/08\/sT_HP_CDaufgeschlagen-300x225.jpg 300w, https:\/\/seeton.de\/wp-content\/uploads\/2020\/08\/sT_HP_CDaufgeschlagen-768x576.jpg 768w\" sizes=\"(max-width: 960px) 100vw, 960px\" \/><\/figure><\/li><li class=\"blocks-gallery-item\"><figure><img loading=\"lazy\" width=\"960\" height=\"720\" src=\"https:\/\/seeton.de\/wp-content\/uploads\/2020\/08\/sT_hp_cdVorBlumen.jpg\" alt=\"\" data-id=\"1235\" data-full-url=\"https:\/\/seeton.de\/wp-content\/uploads\/2020\/08\/sT_hp_cdVorBlumen.jpg\" data-link=\"https:\/\/seeton.de\/?attachment_id=1235\" class=\"wp-image-1235\" srcset=\"https:\/\/seeton.de\/wp-content\/uploads\/2020\/08\/sT_hp_cdVorBlumen.jpg 960w, https:\/\/seeton.de\/wp-content\/uploads\/2020\/08\/sT_hp_cdVorBlumen-300x225.jpg 300w, https:\/\/seeton.de\/wp-content\/uploads\/2020\/08\/sT_hp_cdVorBlumen-768x576.jpg 768w\" sizes=\"(max-width: 960px) 100vw, 960px\" \/><\/figure><\/li><\/ul><figcaption class=\"blocks-gallery-caption\">Juli 2020: Wir sind, ganz ehrlich, sehr gl\u00fccklich und sehr aufgeregt: \u201eMorning Lights\u201c, die neueste CD von seeTon, ist fertig! Die Produktion der sch\u00f6nen Scheibe war eine unglaubliche unvergessliche Zeit \u2013 von den Studiosessions mit Joh Weisgerber bis zum Coverbild von Werner Petraschke, das die Musik so tiefgr\u00fcndig weiter erz\u00e4hlt (Grafikgestaltung Studio Alois Petraschke). Nat\u00fcrlich gibt\u2018s die CD auch bei Amazon und die Tracks bei iTunes! Und in Konstanz bei BuchKultur Opitz &#8230; und bei jedem unserer Konzerte! <\/figcaption><\/figure>\n\n\n\n<ul><li><a rel=\"noreferrer noopener\" href=\"https:\/\/music.apple.com\/de\/album\/morning-lights\/1523669904?l=de&amp;ls=1&amp;app=itunes\" target=\"_blank\">Morning Lights bei iTunes<\/a><\/li><li><a rel=\"noreferrer noopener\" href=\"https:\/\/www.amazon.de\/Morning-Lights-seeTon\/dp\/B08D6WTKKN\/ref=sr_1_1?__mk_de_DE=%C3%85M%C3%85%C5%BD%C3%95%C3%91&amp;dchild=1&amp;keywords=seeton+morning+lights&amp;qid=1595843380&amp;sr=8-1\" target=\"_blank\">Morning Lights bei Amazon<\/a><\/li><\/ul>\n","protected":false},"excerpt":{"rendered":"<p>Morning Lights bei iTunes Morning Lights bei Amazon<\/p>\n","protected":false},"author":3,"featured_media":1738,"parent":0,"menu_order":0,"comment_status":"closed","ping_status":"closed","template":"","meta":[],"_links":{"self":[{"href":"https:\/\/seeton.de\/index.php?rest_route=\/wp\/v2\/pages\/1294"}],"collection":[{"href":"https:\/\/seeton.de\/index.php?rest_route=\/wp\/v2\/pages"}],"about":[{"href":"https:\/\/seeton.de\/index.php?rest_route=\/wp\/v2\/types\/page"}],"author":[{"embeddable":true,"href":"https:\/\/seeton.de\/index.php?rest_route=\/wp\/v2\/users\/3"}],"replies":[{"embeddable":true,"href":"https:\/\/seeton.de\/index.php?rest_route=%2Fwp%2Fv2%2Fcomments&post=1294"}],"version-history":[{"count":6,"href":"https:\/\/seeton.de\/index.php?rest_route=\/wp\/v2\/pages\/1294\/revisions"}],"predecessor-version":[{"id":1739,"href":"https:\/\/seeton.de\/index.php?rest_route=\/wp\/v2\/pages\/1294\/revisions\/1739"}],"wp:featuredmedia":[{"embeddable":true,"href":"https:\/\/seeton.de\/index.php?rest_route=\/wp\/v2\/media\/1738"}],"wp:attachment":[{"href":"https:\/\/seeton.de\/index.php?rest_route=%2Fwp%2Fv2%2Fmedia&parent=1294"}],"curies":[{"name":"wp","href":"https:\/\/api.w.org\/{rel}","templated":true}]}}