{"id":1333,"date":"2021-06-24T01:15:45","date_gmt":"2021-06-23T23:15:45","guid":{"rendered":"https:\/\/seeton.de\/?page_id=1333"},"modified":"2026-02-01T03:15:35","modified_gmt":"2026-02-01T01:15:35","slug":"musik-an-orten","status":"publish","type":"page","link":"https:\/\/seeton.de\/?page_id=1333","title":{"rendered":"Musik an Orten"},"content":{"rendered":"\n<p>Alphabet der allersch\u00f6nsten Auftrittsorte:<\/p>\n\n\n\n<p><strong>A<\/strong>ltes Gem\u00e4uer &#8211; <strong>B<\/strong>r\u00fccke &#8211; <strong>B<\/strong>urgruine &#8211; <strong>B<\/strong>etriebsfeier &#8211; <strong>C<\/strong>rossover mit \u2026 <strong>K<\/strong>irchenorgel? Chor? Gregoriankischola? &#8211; <strong>D<\/strong>rohnenflug-Musikvideo auf der Waldlichtung &#8211; <strong>E<\/strong>isenwerk &#8211; <strong>F<\/strong>irmenfeier &#8211; <strong>F<\/strong>estival &#8211; <strong>G<\/strong>ipfel &#8211; <strong>G<\/strong>ew\u00f6lbe &#8211; <strong>H<\/strong>otel &#8211; <strong>H<\/strong>\u00f6hle &#8211; <strong>I<\/strong>nsel im Fluss &#8211; <strong>J<\/strong>azzclub &#8211; <strong>K<\/strong>onzertreihe &#8211; <strong>L<\/strong>audatio &#8211; <strong>M<\/strong>aisfeld &#8211; <strong>N<\/strong>euer\u00f6ffnung\u00a0\u00a0&#8211; <strong>O<\/strong>pen Air &#8211; <strong>P<\/strong>almenhaus &#8211; <strong>Q<\/strong>uelltopf &#8211; <strong>R<\/strong>adio &#8211; <strong>S<\/strong>eeb\u00fchne &#8211; <strong>S<\/strong>tream &#8211; <strong>T<\/strong>raktorwerkstatt &#8211; <strong>T<\/strong>orkel &#8211; <strong>U<\/strong>nterf\u00fchrung &#8211; <strong>V<\/strong>ernissage &#8211; <strong>W<\/strong>erkschau &#8211; <strong>W<\/strong>eihnachtsfeier &#8211; <strong>W<\/strong>ohnzimmerkonzert &#8211; <strong>X<\/strong>tended mit Orchester &#8211; <strong>Y<\/strong>acht im See &#8211; <strong>Z<\/strong>uh\u00f6rkonzert<\/p>\n\n\n\n<figure class=\"wp-block-gallery columns-3 is-cropped\"><ul class=\"blocks-gallery-grid\"><li class=\"blocks-gallery-item\"><figure><img loading=\"lazy\" width=\"3333\" height=\"2500\" src=\"https:\/\/seeton.de\/wp-content\/uploads\/2021\/10\/IMG_1074_stadtmobilSchlagzeugHalle-3333x2500.jpg\" alt=\"\" data-id=\"1373\" data-full-url=\"https:\/\/seeton.de\/wp-content\/uploads\/2021\/10\/IMG_1074_stadtmobilSchlagzeugHalle-scaled.jpg\" data-link=\"https:\/\/seeton.de\/?attachment_id=1373\" class=\"wp-image-1373\" srcset=\"https:\/\/seeton.de\/wp-content\/uploads\/2021\/10\/IMG_1074_stadtmobilSchlagzeugHalle-3333x2500.jpg 3333w, https:\/\/seeton.de\/wp-content\/uploads\/2021\/10\/IMG_1074_stadtmobilSchlagzeugHalle-300x225.jpg 300w, https:\/\/seeton.de\/wp-content\/uploads\/2021\/10\/IMG_1074_stadtmobilSchlagzeugHalle-768x576.jpg 768w, https:\/\/seeton.de\/wp-content\/uploads\/2021\/10\/IMG_1074_stadtmobilSchlagzeugHalle-1536x1152.jpg 1536w, https:\/\/seeton.de\/wp-content\/uploads\/2021\/10\/IMG_1074_stadtmobilSchlagzeugHalle-2048x1536.jpg 2048w\" sizes=\"(max-width: 3333px) 100vw, 3333px\" \/><figcaption class=\"blocks-gallery-item__caption\">Aufbauen in der Holzwerkstatt Romer (Dingelsdorf 2021)<\/figcaption><\/figure><\/li><li class=\"blocks-gallery-item\"><figure><img loading=\"lazy\" width=\"2016\" height=\"1512\" src=\"https:\/\/seeton.de\/wp-content\/uploads\/2021\/10\/IMG_1072_BassMitCello_Werkstattregal_KLEIN.jpg\" alt=\"\" data-id=\"1371\" data-full-url=\"https:\/\/seeton.de\/wp-content\/uploads\/2021\/10\/IMG_1072_BassMitCello_Werkstattregal_KLEIN.jpg\" data-link=\"https:\/\/seeton.de\/?attachment_id=1371\" class=\"wp-image-1371\" srcset=\"https:\/\/seeton.de\/wp-content\/uploads\/2021\/10\/IMG_1072_BassMitCello_Werkstattregal_KLEIN.jpg 2016w, https:\/\/seeton.de\/wp-content\/uploads\/2021\/10\/IMG_1072_BassMitCello_Werkstattregal_KLEIN-300x225.jpg 300w, https:\/\/seeton.de\/wp-content\/uploads\/2021\/10\/IMG_1072_BassMitCello_Werkstattregal_KLEIN-768x576.jpg 768w, https:\/\/seeton.de\/wp-content\/uploads\/2021\/10\/IMG_1072_BassMitCello_Werkstattregal_KLEIN-1536x1152.jpg 1536w\" sizes=\"(max-width: 2016px) 100vw, 2016px\" \/><figcaption class=\"blocks-gallery-item__caption\">Sind Geschwister, oder?<\/figcaption><\/figure><\/li><li class=\"blocks-gallery-item\"><figure><img loading=\"lazy\" width=\"3333\" height=\"2500\" src=\"https:\/\/seeton.de\/wp-content\/uploads\/2021\/10\/IMG_1069_saxMonitorKlavierSaegemaschine-3333x2500.jpg\" alt=\"\" data-id=\"1370\" data-full-url=\"https:\/\/seeton.de\/wp-content\/uploads\/2021\/10\/IMG_1069_saxMonitorKlavierSaegemaschine-scaled.jpg\" data-link=\"https:\/\/seeton.de\/?attachment_id=1370\" class=\"wp-image-1370\" srcset=\"https:\/\/seeton.de\/wp-content\/uploads\/2021\/10\/IMG_1069_saxMonitorKlavierSaegemaschine-3333x2500.jpg 3333w, https:\/\/seeton.de\/wp-content\/uploads\/2021\/10\/IMG_1069_saxMonitorKlavierSaegemaschine-300x225.jpg 300w, https:\/\/seeton.de\/wp-content\/uploads\/2021\/10\/IMG_1069_saxMonitorKlavierSaegemaschine-768x576.jpg 768w, https:\/\/seeton.de\/wp-content\/uploads\/2021\/10\/IMG_1069_saxMonitorKlavierSaegemaschine-1536x1152.jpg 1536w, https:\/\/seeton.de\/wp-content\/uploads\/2021\/10\/IMG_1069_saxMonitorKlavierSaegemaschine-2048x1536.jpg 2048w\" sizes=\"(max-width: 3333px) 100vw, 3333px\" \/><figcaption class=\"blocks-gallery-item__caption\">Jazz vor der S\u00e4gemaschine<\/figcaption><\/figure><\/li><\/ul><\/figure>\n\n\n\n<p>Einige unserer eigenwilligen Fotomontagen erz\u00e4hlen die Geschichte einer Sehnsucht: Die Sehnsucht der besonderen Musik, an besonderen Orten zu erklingen. <\/p>\n\n\n\n<div class=\"wp-block-image\"><figure class=\"aligncenter size-large is-resized\"><img loading=\"lazy\" src=\"https:\/\/seeton.de\/wp-content\/uploads\/2015\/04\/BuntV3_HP_beitragsbild.png\" alt=\"\" class=\"wp-image-448\" width=\"247\" height=\"175\" srcset=\"https:\/\/seeton.de\/wp-content\/uploads\/2015\/04\/BuntV3_HP_beitragsbild.png 802w, https:\/\/seeton.de\/wp-content\/uploads\/2015\/04\/BuntV3_HP_beitragsbild-300x212.png 300w\" sizes=\"(max-width: 247px) 100vw, 247px\" \/><\/figure><\/div>\n\n\n\n<figure class=\"wp-block-image size-large is-resized\"><img loading=\"lazy\" src=\"https:\/\/seeton.de\/wp-content\/uploads\/2016\/05\/beitragsbild-Midsommarnatt-Jazz-2016.png\" alt=\"\" class=\"wp-image-741\" width=\"329\" height=\"205\" srcset=\"https:\/\/seeton.de\/wp-content\/uploads\/2016\/05\/beitragsbild-Midsommarnatt-Jazz-2016.png 481w, https:\/\/seeton.de\/wp-content\/uploads\/2016\/05\/beitragsbild-Midsommarnatt-Jazz-2016-300x187.png 300w\" sizes=\"(max-width: 329px) 100vw, 329px\" \/><\/figure>\n\n\n\n<figure class=\"wp-block-image size-large is-resized\"><img loading=\"lazy\" src=\"https:\/\/seeton.de\/wp-content\/uploads\/2014\/02\/seeTon-Plakat-Lightstorms-nur-Titel.jpg\" alt=\"\" class=\"wp-image-803\" width=\"220\" height=\"308\" srcset=\"https:\/\/seeton.de\/wp-content\/uploads\/2014\/02\/seeTon-Plakat-Lightstorms-nur-Titel.jpg 669w, https:\/\/seeton.de\/wp-content\/uploads\/2014\/02\/seeTon-Plakat-Lightstorms-nur-Titel-214x300.jpg 214w\" sizes=\"(max-width: 220px) 100vw, 220px\" \/><\/figure>\n\n\n\n<div class=\"wp-block-image\"><figure class=\"alignright size-large is-resized\"><img loading=\"lazy\" src=\"https:\/\/seeton.de\/wp-content\/uploads\/2014\/02\/WEB_500x300px_Bandfoto.jpg\" alt=\"\" class=\"wp-image-861\" width=\"263\" height=\"158\" srcset=\"https:\/\/seeton.de\/wp-content\/uploads\/2014\/02\/WEB_500x300px_Bandfoto.jpg 500w, https:\/\/seeton.de\/wp-content\/uploads\/2014\/02\/WEB_500x300px_Bandfoto-300x180.jpg 300w\" sizes=\"(max-width: 263px) 100vw, 263px\" \/><\/figure><\/div>\n\n\n\n<div class=\"wp-block-image\"><figure class=\"aligncenter size-large is-resized\"><img loading=\"lazy\" src=\"https:\/\/seeton.de\/wp-content\/uploads\/2017\/10\/seeTon-Spinning-Depths-Plakat-klein.jpg\" alt=\"\" class=\"wp-image-944\" width=\"331\" height=\"468\" srcset=\"https:\/\/seeton.de\/wp-content\/uploads\/2017\/10\/seeTon-Spinning-Depths-Plakat-klein.jpg 1417w, https:\/\/seeton.de\/wp-content\/uploads\/2017\/10\/seeTon-Spinning-Depths-Plakat-klein-212x300.jpg 212w\" sizes=\"(max-width: 331px) 100vw, 331px\" \/><\/figure><\/div>\n\n\n\n<figure class=\"wp-block-image size-large is-resized\"><img loading=\"lazy\" src=\"https:\/\/seeton.de\/wp-content\/uploads\/2018\/05\/Stadtgarten-2018-Homepage-seeTon-400x150px.png\" alt=\"\" class=\"wp-image-1093\" width=\"406\" height=\"253\" srcset=\"https:\/\/seeton.de\/wp-content\/uploads\/2018\/05\/Stadtgarten-2018-Homepage-seeTon-400x150px.png 481w, https:\/\/seeton.de\/wp-content\/uploads\/2018\/05\/Stadtgarten-2018-Homepage-seeTon-400x150px-300x187.png 300w\" sizes=\"(max-width: 406px) 100vw, 406px\" \/><\/figure>\n\n\n\n<figure class=\"wp-block-image size-large is-resized\"><img loading=\"lazy\" src=\"https:\/\/seeton.de\/wp-content\/uploads\/2018\/08\/Musik-fu\u0308r-Musik-Homepage-seeTon-400x150px.png\" alt=\"\" class=\"wp-image-1134\" width=\"347\" height=\"216\" srcset=\"https:\/\/seeton.de\/wp-content\/uploads\/2018\/08\/Musik-fu\u0308r-Musik-Homepage-seeTon-400x150px.png 481w, https:\/\/seeton.de\/wp-content\/uploads\/2018\/08\/Musik-fu\u0308r-Musik-Homepage-seeTon-400x150px-300x187.png 300w\" sizes=\"(max-width: 347px) 100vw, 347px\" \/><\/figure>\n\n\n\n<div class=\"wp-block-image\"><figure class=\"aligncenter size-large is-resized\"><img loading=\"lazy\" src=\"https:\/\/seeton.de\/wp-content\/uploads\/2020\/05\/re-organ-ized2-Homepage-seeTon-400x150px.png\" alt=\"\" class=\"wp-image-1232\" width=\"373\" height=\"233\" srcset=\"https:\/\/seeton.de\/wp-content\/uploads\/2020\/05\/re-organ-ized2-Homepage-seeTon-400x150px.png 481w, https:\/\/seeton.de\/wp-content\/uploads\/2020\/05\/re-organ-ized2-Homepage-seeTon-400x150px-300x187.png 300w\" sizes=\"(max-width: 373px) 100vw, 373px\" \/><\/figure><\/div>\n\n\n\n<figure class=\"wp-block-gallery aligncenter columns-0 is-cropped\"><ul class=\"blocks-gallery-grid\"><\/ul><\/figure>\n\n\n\n<p><\/p>\n","protected":false},"excerpt":{"rendered":"<p>Alphabet der allersch\u00f6nsten Auftrittsorte: Altes Gem\u00e4uer &#8211; Br\u00fccke &#8211; Burgruine &#8211; Betriebsfeier &#8211; Crossover mit \u2026 Kirchenorgel? Chor? Gregoriankischola? &#8211; Drohnenflug-Musikvideo auf der Waldlichtung &#8211; Eisenwerk &#8211; Firmenfeier &#8211; Festival &#8211; Gipfel &#8211; Gew\u00f6lbe &#8211; Hotel &#8211; H\u00f6hle &#8211; Insel im Fluss &#8211; Jazzclub &#8211; Konzertreihe &#8211; Laudatio &#8211; Maisfeld &#8211; Neuer\u00f6ffnung\u00a0\u00a0&#8211; Open Air &#8211; Palmenhaus &#8211; Quelltopf &#8211; Radio &#8211; Seeb\u00fchne &#8211; Stream &#8211; Traktorwerkstatt &#8211; Torkel &#8211; Unterf\u00fchrung &#8211; Vernissage &#8211; Werkschau &#8211; Weihnachtsfeier &#8211; Wohnzimmerkonzert &#8211; Xtended mit Orchester &#8211; Yacht im See &#8211; Zuh\u00f6rkonzert Einige unserer eigenwilligen Fotomontagen erz\u00e4hlen die Geschichte einer Sehnsucht: Die Sehnsucht der besonderen Musik, an besonderen Orten zu erklingen.<\/p>\n","protected":false},"author":3,"featured_media":0,"parent":0,"menu_order":0,"comment_status":"closed","ping_status":"closed","template":"","meta":[],"_links":{"self":[{"href":"https:\/\/seeton.de\/index.php?rest_route=\/wp\/v2\/pages\/1333"}],"collection":[{"href":"https:\/\/seeton.de\/index.php?rest_route=\/wp\/v2\/pages"}],"about":[{"href":"https:\/\/seeton.de\/index.php?rest_route=\/wp\/v2\/types\/page"}],"author":[{"embeddable":true,"href":"https:\/\/seeton.de\/index.php?rest_route=\/wp\/v2\/users\/3"}],"replies":[{"embeddable":true,"href":"https:\/\/seeton.de\/index.php?rest_route=%2Fwp%2Fv2%2Fcomments&post=1333"}],"version-history":[{"count":10,"href":"https:\/\/seeton.de\/index.php?rest_route=\/wp\/v2\/pages\/1333\/revisions"}],"predecessor-version":[{"id":1934,"href":"https:\/\/seeton.de\/index.php?rest_route=\/wp\/v2\/pages\/1333\/revisions\/1934"}],"wp:attachment":[{"href":"https:\/\/seeton.de\/index.php?rest_route=%2Fwp%2Fv2%2Fmedia&parent=1333"}],"curies":[{"name":"wp","href":"https:\/\/api.w.org\/{rel}","templated":true}]}}