{"id":1781,"date":"2025-03-28T23:23:42","date_gmt":"2025-03-28T21:23:42","guid":{"rendered":"https:\/\/seeton.de\/?page_id=1781"},"modified":"2026-02-01T03:10:44","modified_gmt":"2026-02-01T01:10:44","slug":"14-jahre","status":"publish","type":"page","link":"https:\/\/seeton.de\/?page_id=1781","title":{"rendered":"15 Jahre"},"content":{"rendered":"\n<figure class=\"wp-block-image size-full is-resized\"><img loading=\"lazy\" src=\"https:\/\/seeton.de\/wp-content\/uploads\/2015\/07\/PAR64_vorTransparent.png\" alt=\"\" class=\"wp-image-654\" width=\"83\" height=\"70\" srcset=\"https:\/\/seeton.de\/wp-content\/uploads\/2015\/07\/PAR64_vorTransparent.png 400w, https:\/\/seeton.de\/wp-content\/uploads\/2015\/07\/PAR64_vorTransparent-300x254.png 300w\" sizes=\"(max-width: 83px) 100vw, 83px\" \/><\/figure>\n\n\n\n<h3>15 Jahre seeTon Nordic Jazz<\/h3>\n\n\n\n<p>&#8230; in allen Registern, Farben und Stimmungen.<\/p>\n\n\n\n<p>\u201e\u2026 Klangsprache, die Elemente aus Jazz, Latin und Klassik mit Weite und Schwermut skandinavischer Landschaften verbindet.\u201c (Corinna Raupach, S\u00fcdkurier \u00dcberlingen, 14.11.2017)<\/p>\n\n\n\n<p>\u201e&#8230; begegnet Beharrlichkeit, zeigt sich energisches Keyboardpulsen, finden sich trocken-sanfte Saxofonkl\u00e4nge, dunkelste Bassanst\u00f6\u00dfe und eine erstaunliche Rasanz. Die Melange bleibt erfrischend vielschichtig.&#8220; (J\u00f6rg B\u00fcsche, S\u00fcdkurier Markdorf, 16.03.2018, anl\u00e4sslich \u201eKl\u00e4nge des Nordens\u201c)<\/p>\n\n\n\n<p>\u201e&#8230; Das Ensemble seeTon nimmt in seinen Eigenkompositionen die inspirierende Klangsprache des skandinavischen Jazz auf und f\u00fchrt sie musikalisch in neue Richtungen weiter\u201c (CD \u201eMorning Lights\u201c)<\/p>\n\n\n\n<figure class=\"wp-block-image size-full is-resized\"><img loading=\"lazy\" src=\"https:\/\/seeton.de\/wp-content\/uploads\/2015\/07\/PAR64_vorTransparent.png\" alt=\"\" class=\"wp-image-654\" width=\"83\" height=\"70\" srcset=\"https:\/\/seeton.de\/wp-content\/uploads\/2015\/07\/PAR64_vorTransparent.png 400w, https:\/\/seeton.de\/wp-content\/uploads\/2015\/07\/PAR64_vorTransparent-300x254.png 300w\" sizes=\"(max-width: 83px) 100vw, 83px\" \/><\/figure>\n\n\n\n<p>Die Konstanzer Band seeTon, gegr\u00fcndet im Jahre 2011 und seit 2013 in der heutigen Besetzung auf der B\u00fchne, hat sich von Anfang an dem \u201cNordic Jazz\u201d verschrieben, der <a href=\"https:\/\/seeton.de\/?page_id=1340\">Musik skandinavischen Ursprungs<\/a>, die es so unbeschreiblich eindr\u00fccklich versteht, Energie mit Melancholie, Groove mit Lyrischem und Klangereignis mit Melodie kontrastierend zu vereinigen.<\/p>\n\n\n\n<p>Am Anfang stand die Begegnung mit der Musik Esbj\u00f6rn Svenssons, die das Genre komplett umdefiniert. In den Bann der Kl\u00e4nge und Kompositionen unz\u00e4hliger skandinavischer Klangvirtuosen gezogen, gehen wir vier Jazzer auch kompositorisch eigene Wege, interpretieren neu und anders und komponieren nicht ohne sich dabei auch wieder zitierend vor den Werken der Vorbilder zu verneigen.<\/p>\n\n\n\n<p>Man muss Skandinavien erlebt haben, um diese Musik ganz und gar zu verstehen: die Faszination des sommernachthellen Nordens, wenn die Sonne \u00fcberhaupt nie mehr untergeht, und umgekehrt die Faszination ewigen Halbdunkels im frostigen Winter, melancholisch-gespenstisch \u00fcberstrahlt vom gr\u00fcn-violett flackernden Polarlicht. Wie Berge und Meer in Norwegen treffen in dieser Musik Ruhe und Sturm unmittelbar aufeinander. Ruhe und Weite treffen auf Sturm und Meer, nordische Melodien treffen auf pulsierende Grooves. Planeten tanzen im Licht der Sonne. Die Nacht bleibt hell.<\/p>\n\n\n\n<figure class=\"wp-block-image size-full is-resized\"><img loading=\"lazy\" src=\"https:\/\/seeton.de\/wp-content\/uploads\/2015\/07\/PAR64_vorTransparent.png\" alt=\"\" class=\"wp-image-654\" width=\"89\" height=\"75\" srcset=\"https:\/\/seeton.de\/wp-content\/uploads\/2015\/07\/PAR64_vorTransparent.png 400w, https:\/\/seeton.de\/wp-content\/uploads\/2015\/07\/PAR64_vorTransparent-300x254.png 300w\" sizes=\"(max-width: 89px) 100vw, 89px\" \/><\/figure>\n\n\n\n<p>Wir blicken dankbar zur\u00fcck auf die letzten Jahre. Die Konzerte &#8222;<a href=\"https:\/\/seeton.de\/?p=1480\">Tribute to Esbj\u00f6rn<\/a>&#8220; anl\u00e4sslich Esbj\u00f6rn Svenssons 60. Geburtstag, die Serie <a href=\"https:\/\/seeton.de\/?p=1534\">re\/organ\/ized<\/a>, wo die Konzilsorgel in St. Gebhard in Konstanz Teil unseres Bandsounds werden darf, die Konzertreisen nach <a href=\"https:\/\/seeton.de\/?p=540\">Prag<\/a> und <a href=\"https:\/\/seeton.de\/?p=1462\">T\u00e1bor<\/a>, unsere CDs &#8222;<a href=\"https:\/\/seeton.de\/?page_id=1294\">Morning Lights<\/a>&#8220; und &#8222;<a href=\"https:\/\/seeton.de\/?page_id=533\">Polar Lights<\/a>&#8220; und &#8222;<a href=\"https:\/\/seeton.de\/?page_id=1758\">Lysa<\/a>&#8222;, die Chor-Kooperationen in <a href=\"https:\/\/seeton.de\/?p=1028\">Markdorf<\/a>, <a href=\"https:\/\/seeton.de\/?p=1128\">Grie\u00dfen<\/a>, <a href=\"https:\/\/seeton.de\/?p=1443\">Bischofszell, Altnau und Weinfelden<\/a>; die so inspirierende Hozwerkstatt-Atmosph\u00e4re bei &#8222;<a href=\"https:\/\/seeton.de\/?p=1184\">Dingelsdorf klingt<\/a>&#8222;; die zahlreichen Gastspiele bei <a href=\"https:\/\/seeton.de\/?p=935\">Jazz auf dem Berg<\/a> in Heiligenberg; die Ausfahrten nach <a href=\"https:\/\/seeton.de\/?p=837\">Frauenfeld<\/a>; die Konstanz-Kreuzlingen-Heimspiele in Gebhard- und <a href=\"https:\/\/seeton.de\/?p=1257\">Lutherkirche<\/a>, bei <a href=\"https:\/\/seeton.de\/?p=1032\">Jazz Downtown<\/a>, bei &#8222;<a href=\"https:\/\/seeton.de\/?p=839\">Musik Macht Mobil<\/a>&#8222;, beim Festakt des <a href=\"https:\/\/seeton.de\/?p=960\">Konzilspreis<\/a>, mehrmals im <a href=\"https:\/\/seeton.de\/?p=918\">K9<\/a>,&nbsp; im <a href=\"https:\/\/seeton.de\/?p=1528\">Palmenhaus Paradies<\/a> , im <a href=\"https:\/\/seeton.de\/?p=985\">Stadtgarten<\/a>, in der <a href=\"https:\/\/seeton.de\/?p=987\">Steiner Schule Kreuzlingen<\/a> und oben auf dem Gie\u00dfberg zur Einweihung eines neuen Forschungsgeb\u00e4udes der <a href=\"https:\/\/seeton.de\/?p=1377\">Universit\u00e4t Konstanz<\/a> bleiben unvergesslich.<\/p>\n\n\n\n<p><\/p>\n\n\n\n<h3>&nbsp;<\/h3>\n","protected":false},"excerpt":{"rendered":"<p>15 Jahre seeTon Nordic Jazz &#8230; in allen Registern, Farben und Stimmungen. \u201e\u2026 Klangsprache, die Elemente aus Jazz, Latin und Klassik mit Weite und Schwermut skandinavischer Landschaften verbindet.\u201c (Corinna Raupach, S\u00fcdkurier \u00dcberlingen, 14.11.2017) \u201e&#8230; begegnet Beharrlichkeit, zeigt sich energisches Keyboardpulsen, finden sich trocken-sanfte Saxofonkl\u00e4nge, dunkelste Bassanst\u00f6\u00dfe und eine erstaunliche Rasanz. Die Melange bleibt erfrischend vielschichtig.&#8220; (J\u00f6rg B\u00fcsche, S\u00fcdkurier Markdorf, 16.03.2018, anl\u00e4sslich \u201eKl\u00e4nge des Nordens\u201c) \u201e&#8230; Das Ensemble seeTon nimmt in seinen Eigenkompositionen die inspirierende Klangsprache des skandinavischen Jazz auf und f\u00fchrt sie musikalisch in neue Richtungen weiter\u201c (CD \u201eMorning Lights\u201c) Die Konstanzer Band seeTon, gegr\u00fcndet im Jahre 2011 und seit 2013 in der heutigen Besetzung auf der B\u00fchne, hat sich von Anfang an dem \u201cNordic Jazz\u201d verschrieben, der Musik skandinavischen Ursprungs, die es so unbeschreiblich eindr\u00fccklich versteht, Energie mit Melancholie, Groove mit Lyrischem und Klangereignis mit Melodie kontrastierend zu vereinigen. Am Anfang stand die Begegnung mit der Musik Esbj\u00f6rn Svenssons, die das Genre komplett umdefiniert. In den Bann der Kl\u00e4nge und Kompositionen unz\u00e4hliger skandinavischer Klangvirtuosen gezogen, gehen wir vier Jazzer<\/p>\n","protected":false},"author":3,"featured_media":862,"parent":0,"menu_order":0,"comment_status":"closed","ping_status":"closed","template":"","meta":[],"_links":{"self":[{"href":"https:\/\/seeton.de\/index.php?rest_route=\/wp\/v2\/pages\/1781"}],"collection":[{"href":"https:\/\/seeton.de\/index.php?rest_route=\/wp\/v2\/pages"}],"about":[{"href":"https:\/\/seeton.de\/index.php?rest_route=\/wp\/v2\/types\/page"}],"author":[{"embeddable":true,"href":"https:\/\/seeton.de\/index.php?rest_route=\/wp\/v2\/users\/3"}],"replies":[{"embeddable":true,"href":"https:\/\/seeton.de\/index.php?rest_route=%2Fwp%2Fv2%2Fcomments&post=1781"}],"version-history":[{"count":4,"href":"https:\/\/seeton.de\/index.php?rest_route=\/wp\/v2\/pages\/1781\/revisions"}],"predecessor-version":[{"id":1931,"href":"https:\/\/seeton.de\/index.php?rest_route=\/wp\/v2\/pages\/1781\/revisions\/1931"}],"wp:featuredmedia":[{"embeddable":true,"href":"https:\/\/seeton.de\/index.php?rest_route=\/wp\/v2\/media\/862"}],"wp:attachment":[{"href":"https:\/\/seeton.de\/index.php?rest_route=%2Fwp%2Fv2%2Fmedia&parent=1781"}],"curies":[{"name":"wp","href":"https:\/\/api.w.org\/{rel}","templated":true}]}}