{"id":533,"date":"2015-07-28T15:01:39","date_gmt":"2015-07-28T13:01:39","guid":{"rendered":"http:\/\/seeton.de\/?page_id=533"},"modified":"2025-03-28T17:08:22","modified_gmt":"2025-03-28T15:08:22","slug":"polar-lights","status":"publish","type":"page","link":"https:\/\/seeton.de\/?page_id=533","title":{"rendered":"Polar Lights"},"content":{"rendered":"<p>Konstanz, 3. September 2015. \u2013 Es ist so weit: nach viel guter Arbeit im Studio und im Mastering ist unsere Demo-CD &#8222;Polar Lights&#8220; fertig produziert und \u00e4sthetisch verpackt. Unser gro\u00dfer Dank geht an Frank Erhart (Erhart Audio, Leutkirch-Friesenhofen, Aufnahme und Schnitt) und Johannes Weisgerber (www.monojo.de, CD-Mastering und Live-Audio-Veredelung) und Josephine Tr\u00f6ger (Cover und Label Design). Die neue Demo-Scheibe ist nicht im Handel erh\u00e4ltlich. Bei Interesse bitte pers\u00f6nlich nachfragen!<\/p>\n<div id=\"attachment_599\" style=\"width: 310px\" class=\"wp-caption aligncenter\"><a href=\"http:\/\/seeton.de\/wp-content\/uploads\/2015\/07\/Polar-Lights-aussen.jpg\"><img aria-describedby=\"caption-attachment-599\" loading=\"lazy\" class=\"  wp-image-599 size-medium\" src=\"http:\/\/seeton.de\/wp-content\/uploads\/2015\/07\/Polar-Lights-aussen-300x225.jpg\" alt=\"Polar Lights - aussen\" width=\"300\" height=\"225\" \/><\/a><p id=\"caption-attachment-599\" class=\"wp-caption-text\">Das Cover &#8230;<\/p><\/div>\n<div id=\"attachment_601\" style=\"width: 310px\" class=\"wp-caption aligncenter\"><a href=\"http:\/\/seeton.de\/wp-content\/uploads\/2015\/07\/Polar-Lights-halb-offen.jpg\"><img aria-describedby=\"caption-attachment-601\" loading=\"lazy\" class=\"  wp-image-601 size-medium\" src=\"http:\/\/seeton.de\/wp-content\/uploads\/2015\/07\/Polar-Lights-halb-offen-300x225.jpg\" alt=\"Polar Lights - halb offen\" width=\"300\" height=\"225\" \/><\/a><p id=\"caption-attachment-601\" class=\"wp-caption-text\">&#8230; erste Innenseite &#8230;<\/p><\/div>\n<div id=\"attachment_602\" style=\"width: 310px\" class=\"wp-caption aligncenter\"><a href=\"http:\/\/seeton.de\/wp-content\/uploads\/2015\/07\/Polar-Lights-offen.jpg\"><img aria-describedby=\"caption-attachment-602\" loading=\"lazy\" class=\"  wp-image-602 size-medium\" src=\"http:\/\/seeton.de\/wp-content\/uploads\/2015\/07\/Polar-Lights-offen-300x225.jpg\" alt=\"Polar Lights - offen\" width=\"300\" height=\"225\" \/><\/a><p id=\"caption-attachment-602\" class=\"wp-caption-text\">&#8230; und ganz innen &#8230;<\/p><\/div>\n<div id=\"attachment_600\" style=\"width: 310px\" class=\"wp-caption aligncenter\"><a href=\"http:\/\/seeton.de\/wp-content\/uploads\/2015\/07\/Polar-Lights-Detail.jpg\"><img aria-describedby=\"caption-attachment-600\" loading=\"lazy\" class=\"wp-image-600 size-medium\" src=\"http:\/\/seeton.de\/wp-content\/uploads\/2015\/07\/Polar-Lights-Detail-300x225.jpg\" alt=\"Polar Lights - Detail\" width=\"300\" height=\"225\" \/><\/a><p id=\"caption-attachment-600\" class=\"wp-caption-text\">&#8230; die Scheibe mit den T\u00f6nen.<\/p><\/div>\n<p>H\u00f6rproben (Ausschnitte):<\/p>\n<p><a href=\"https:\/\/soundcloud.com\/letanneur\/sets\/seeton-polar-lights-demo-tracks\">Demos bei Soundcloud<\/a><br \/>\n<!--<iframe loading=\"lazy\" src=\"https:\/\/w.soundcloud.com\/player\/?url=https%3A\/\/api.soundcloud.com\/playlists\/148513119&amp;color=ff5500&amp;auto_play=false&amp;hide_related=false&amp;show_comments=true&amp;show_user=true&amp;show_reposts=false\" width=\"100%\" height=\"450\" frameborder=\"no\" scrolling=\"no\"><\/iframe>--><\/p>\n","protected":false},"excerpt":{"rendered":"<p>Konstanz, 3. September 2015. \u2013 Es ist so weit: nach viel guter Arbeit im Studio und im Mastering ist unsere Demo-CD &#8222;Polar Lights&#8220; fertig produziert und \u00e4sthetisch verpackt. Unser gro\u00dfer Dank geht an Frank Erhart (Erhart Audio, Leutkirch-Friesenhofen, Aufnahme und Schnitt) und Johannes Weisgerber (www.monojo.de, CD-Mastering und Live-Audio-Veredelung) und Josephine Tr\u00f6ger (Cover und Label Design). Die neue Demo-Scheibe ist nicht im Handel erh\u00e4ltlich. Bei Interesse bitte pers\u00f6nlich nachfragen! H\u00f6rproben (Ausschnitte): Demos bei Soundcloud<\/p>\n","protected":false},"author":3,"featured_media":653,"parent":0,"menu_order":0,"comment_status":"open","ping_status":"closed","template":"","meta":[],"_links":{"self":[{"href":"https:\/\/seeton.de\/index.php?rest_route=\/wp\/v2\/pages\/533"}],"collection":[{"href":"https:\/\/seeton.de\/index.php?rest_route=\/wp\/v2\/pages"}],"about":[{"href":"https:\/\/seeton.de\/index.php?rest_route=\/wp\/v2\/types\/page"}],"author":[{"embeddable":true,"href":"https:\/\/seeton.de\/index.php?rest_route=\/wp\/v2\/users\/3"}],"replies":[{"embeddable":true,"href":"https:\/\/seeton.de\/index.php?rest_route=%2Fwp%2Fv2%2Fcomments&post=533"}],"version-history":[{"count":35,"href":"https:\/\/seeton.de\/index.php?rest_route=\/wp\/v2\/pages\/533\/revisions"}],"predecessor-version":[{"id":1740,"href":"https:\/\/seeton.de\/index.php?rest_route=\/wp\/v2\/pages\/533\/revisions\/1740"}],"wp:featuredmedia":[{"embeddable":true,"href":"https:\/\/seeton.de\/index.php?rest_route=\/wp\/v2\/media\/653"}],"wp:attachment":[{"href":"https:\/\/seeton.de\/index.php?rest_route=%2Fwp%2Fv2%2Fmedia&parent=533"}],"curies":[{"name":"wp","href":"https:\/\/api.w.org\/{rel}","templated":true}]}}