{"id":94,"date":"2014-04-12T19:16:57","date_gmt":"2014-04-12T17:16:57","guid":{"rendered":"http:\/\/seeton.de\/?page_id=94"},"modified":"2019-03-15T02:50:23","modified_gmt":"2019-03-15T00:50:23","slug":"work-2","status":"publish","type":"page","link":"https:\/\/seeton.de\/?page_id=94","title":{"rendered":"@ Work"},"content":{"rendered":"<h2>Menschen und Instrumente<\/h2>\n<p>&nbsp;<\/p>\n\n<table id=\"tablepress-3\" class=\"tablepress tablepress-id-3\">\n<tbody>\n<tr class=\"row-1\">\n\t<td class=\"column-1\">Heike G\u00f6rlitz \u2013 Saxophone.<br \/>\n\u201eMelodien voll Sehnsucht und Melancholie singt Heike G\u00f6rlitz durch ihre Saxofone - wenn sie sich nicht gerade einen knackigen Schlagabtausch mit dem Schlagzeug liefert oder rasante Skalen jazzt.\u201c (Corinna Raupach, S\u00fcdkurier \u00dcberlingen, 14.11.2017) <\/td><td class=\"column-2\"><img src=\"https:\/\/seeton.de\/wp-content\/uploads\/2019\/12\/heike_200x300_ivanSpeta2019.jpg\" alt=\"\" width=\"200\" height=\"261\" class=\"alignleft size-full wp-image-1202\" \/>Bild: Ivan Speta 2019<\/td>\n<\/tr>\n<tr class=\"row-2\">\n\t<td class=\"column-1\"><img src=\"http:\/\/seeton.de\/wp-content\/uploads\/2017\/12\/Martin-Konstanzer-Konzilspreis-@-Konzilstadt-Konstanz-Foto-O.-Hanser-3586-KLEIN-200x300.jpg\" alt=\"\" width=\"200\" height=\"300\" class=\"alignleft size-medium wp-image-992\" \/><br \/>\nBild: O. Hanser, Konstanzer Konzilspreis @ Konzilstadt Konstanz <\/td><td class=\"column-2\">Martin Weber \u2013 Piano, Synthesizer, Orgel. \u201eArpeggien rauschen wie Wasser vom Fl\u00fcgel, Lautsprecher verzerren Linien bis ins Groteske. Andere Einw\u00fcrfe kommen wie eine barocke Minifuge im Cembalosound daher, wie eine majest\u00e4tische Orgel oder wie m\u00e4rchenhaftes Glockenspiel.\u201c (Corinna Raupach, S\u00fcdkurier \u00dcberlingen, 14.11.2017) <\/td>\n<\/tr>\n<tr class=\"row-3\">\n\t<td class=\"column-1\">Ansgar Reising \u2013 Drums. \u00dcbernimmt nahtlos von Holger Anfang 2025. Groovy!<\/td><td class=\"column-2\"><img src=\"https:\/\/seeton.de\/wp-content\/uploads\/2025\/03\/ansgar_DSCF5015-Mejorado-NR-200x300.jpg\" alt=\"\" width=\"200\" height=\"300\" class=\"alignnone size-medium wp-image-1690\" \/><\/td>\n<\/tr>\n<tr class=\"row-4\">\n\t<td class=\"column-1\"><img src=\"https:\/\/seeton.de\/wp-content\/uploads\/2019\/12\/ma24-200x300.png\" alt=\"\" width=\"200\" height=\"300\" class=\"alignleft size-medium wp-image-1207\" \/> Bild: Ivan Speta 2019<\/td><td class=\"column-2\">Matthias Weisgerber \u2013 Kontrabass, Elektronik<br \/>\n\"Zuverl\u00e4ssiger und leidenschaftlicher Richtungsgeber, der seiner Rolle von Zeit zu Zeit in rasenden Soli entflieht oder dem Instrument mit dem Bogen mal freundliche, mal gespenstische T\u00f6ne entlockt.\" (Corinna Raupach, S\u00fcdkurier \u00dcberlingen, 14.11.2017)  <\/td>\n<\/tr>\n<tr class=\"row-5\">\n\t<td class=\"column-1\">Holger Hauenschild (Gr\u00fcndungsmitglied, bis 2025) \u2013 Schlagzeug. \u201eSein Spiel ist zugleich feingliedrig und fetzig. Er erz\u00e4hlt mit Schlegel, Besen oder Handfl\u00e4chen eigene Percussions-Geschichten, die sich nahtlos einf\u00fcgen in die Musik.\u201c (Corinna Raupach, S\u00fcdkurier \u00dcberlingen, 14.11.2017) <\/td><td class=\"column-2\"><img src=\"https:\/\/seeton.de\/wp-content\/uploads\/2019\/12\/holger_200x300_ivanSpeta2019-200x300.jpg\" alt=\"\" width=\"200\" height=\"300\" class=\"alignleft size-medium wp-image-1205\" \/> Bild: Ivan Speta 2019<\/td>\n<\/tr>\n<tr class=\"row-6\">\n\t<td class=\"column-1\">Tontechnik-Zusammenarbeit<\/td><td class=\"column-2\">Michael Geisenberger, Konstanz: Live-Mix; Studio Erhardt Audio, Leutkirch-Friesenhofen: Studioaufnahmen und Schnitt; Studio Monojo, Joh Weisgerber, www.monojo.de, Beelitz: Audio Mastering;  Studio b24music (Remix, Live-Recording)<\/td>\n<\/tr>\n<tr class=\"row-7\">\n\t<td class=\"column-1\">Lichttechnik, Videotechnik und B\u00fchnentechnik<\/td><td class=\"column-2\">Oke Tenni\u00e9, Bernd Dr\u00f6ssler (beide bis 2016) Florian B\u00fcrzle (2016); Eigenes Licht- und B\u00fchnensound-Equipment Material von b24music <\/td>\n<\/tr>\n<tr class=\"row-8\">\n\t<td class=\"column-1\">Dokumentation<\/td><td class=\"column-2\">In der Vergangenheit: Tarek Boschko, Oke Tenni\u00e9, Philipp Finkbeiner, Paula Erd\u00f6s, Studio Frank Erhart (Leutkirch-Friesenhofen); Studio monojo (Berlin\/Brandenburg), Ivan Speta<\/td>\n<\/tr>\n<tr class=\"row-9\">\n\t<td class=\"column-1\">Werbung<\/td><td class=\"column-2\">Niko von Farkas (Pressearbeit, bis 2017); Paula Tenni\u00e9 - Paula Creative Media (Plakate, Flyer); Anja Weisgerber (Plakate, Ideen); Matthias Weisgerber (Grafikbearbeitung, Webpr\u00e4senz) <\/td>\n<\/tr>\n<tr class=\"row-10\">\n\t<td class=\"column-1\">Waren mit seeTon auf der B\u00fchne<\/td><td class=\"column-2\">Josephine Tr\u00f6ger (Piano, Gr\u00fcndungsmitglied, bis 2015); Nadja Brezger (Vocals, 2016)<\/td>\n<\/tr>\n<tr class=\"row-11\">\n\t<td class=\"column-1\">Poster Design<\/td><td class=\"column-2\">Matthias Weisgerber, Paula Tenni\u00e9 (Paula Creative Media, Midsommarnatt Jazz 2015, 2016, 2017); Matthias und Anja Weisgerber und Martin Weber (Confitebor 2015); Anja Weisgerber (Midsommar Dans 2014); Martin Weber (Tibi Dixit 2013); Stadt Isny (Isny macht blau, Museumsnacht)<\/td>\n<\/tr>\n<\/tbody>\n<\/table>\n<!-- #tablepress-3 from cache -->\n","protected":false},"excerpt":{"rendered":"<p>Menschen und Instrumente &nbsp;<\/p>\n","protected":false},"author":2,"featured_media":862,"parent":0,"menu_order":2,"comment_status":"open","ping_status":"closed","template":"","meta":[],"_links":{"self":[{"href":"https:\/\/seeton.de\/index.php?rest_route=\/wp\/v2\/pages\/94"}],"collection":[{"href":"https:\/\/seeton.de\/index.php?rest_route=\/wp\/v2\/pages"}],"about":[{"href":"https:\/\/seeton.de\/index.php?rest_route=\/wp\/v2\/types\/page"}],"author":[{"embeddable":true,"href":"https:\/\/seeton.de\/index.php?rest_route=\/wp\/v2\/users\/2"}],"replies":[{"embeddable":true,"href":"https:\/\/seeton.de\/index.php?rest_route=%2Fwp%2Fv2%2Fcomments&post=94"}],"version-history":[{"count":13,"href":"https:\/\/seeton.de\/index.php?rest_route=\/wp\/v2\/pages\/94\/revisions"}],"predecessor-version":[{"id":1136,"href":"https:\/\/seeton.de\/index.php?rest_route=\/wp\/v2\/pages\/94\/revisions\/1136"}],"wp:featuredmedia":[{"embeddable":true,"href":"https:\/\/seeton.de\/index.php?rest_route=\/wp\/v2\/media\/862"}],"wp:attachment":[{"href":"https:\/\/seeton.de\/index.php?rest_route=%2Fwp%2Fv2%2Fmedia&parent=94"}],"curies":[{"name":"wp","href":"https:\/\/api.w.org\/{rel}","templated":true}]}}